{"id":36112,"date":"2026-01-16T09:16:27","date_gmt":"2026-01-16T09:16:27","guid":{"rendered":"https:\/\/brikoplus.com\/?page_id=36112"},"modified":"2026-01-16T09:16:56","modified_gmt":"2026-01-16T09:16:56","slug":"typage-pl","status":"publish","type":"page","link":"https:\/\/brikoplus.com\/el\/typage-pl\/","title":{"rendered":"TY PAGE PIXEL ADVURTIX POLONIA"},"content":{"rendered":"<div data-elementor-type=\"wp-page\" data-elementor-id=\"36112\" class=\"elementor elementor-36112\" data-elementor-post-type=\"page\">\n\t\t\t\t\t\t<section class=\"elementor-section elementor-top-section elementor-element elementor-element-ecc754b elementor-section-boxed elementor-section-height-default elementor-section-height-default\" data-id=\"ecc754b\" data-element_type=\"section\">\n\t\t\t\t\t\t<div class=\"elementor-container elementor-column-gap-default\">\n\t\t\t\t\t<div class=\"elementor-column elementor-col-100 elementor-top-column elementor-element elementor-element-e44d03d\" data-id=\"e44d03d\" data-element_type=\"column\">\n\t\t\t<div class=\"elementor-widget-wrap elementor-element-populated\">\n\t\t\t\t\t\t<div class=\"elementor-element elementor-element-c0a1288 elementor-widget elementor-widget-html\" data-id=\"c0a1288\" data-element_type=\"widget\" data-widget_type=\"html.default\">\n\t\t\t\t\t<html lang=\"en\">\r\n<head>\r\n    <meta charset=\"UTF-8\">\r\n    <meta name=\"viewport\" content=\"width=device-width, initial-scale=1.0\">\r\n    <title>Acquisto<\/title>\r\n    <!-- Includi il codice del pixel di Facebook -->\r\n    <!-- Sostituisci 'il_tuo_pixel_id' con il tuo effettivo ID pixel -->\r\n    <script>\r\n        !function(f,b,e,v,n,t,s)\r\n        {if(f.fbq)return;n=f.fbq=function(){n.callMethod?\r\n        n.callMethod.apply(n,arguments):n.queue.push(arguments)};\r\n        if(!f._fbq)f._fbq=n;n.push=n;n.loaded=!0;n.version='2.0';\r\n        n.queue=[];t=b.createElement(e);t.async=!0;\r\n        t.src=v;s=b.getElementsByTagName(e)[0];\r\n        s.parentNode.insertBefore(t,s)}(window, document,'script',\r\n        'https:\/\/connect.facebook.net\/en_US\/fbevents.js');\r\n        fbq('init', '1562439361563095');\r\n        fbq('track', 'PageView');\r\n    <\/script>\r\n    <!-- Fine del codice del pixel di Facebook -->\r\n<\/head>\r\n<body>\r\n\r\n<!-- Contenuto della tua pagina -->\r\n\r\n<!-- Aggiungi il seguente script per tracciare l'evento di acquisto -->\r\n<script>\r\n    \/\/ Sostituisci 'il_tuo_valore' con l'importo dell'acquisto\r\n    var purchaseValue = '59';\r\n\r\n    \/\/ Sostituisci 'il_tuo_currency_code' con il codice della tua valuta (es. USD, EUR)\r\n    var currencyCode = 'EUR';\r\n\r\n    \/\/ Invia l'evento di acquisto al pixel di Facebook\r\n    fbq('track', 'Purchase', {\r\n        value: purchaseValue,\r\n        currency: currencyCode\r\n    });\r\n<\/script>\r\n<!-- Fine dello script di tracciamento dell'evento di acquisto -->\r\n\r\n<\/body>\r\n<\/html>\r\n\t\t\t\t<\/div>\n\t\t\t\t<div class=\"elementor-element elementor-element-393ac36 elementor-widget elementor-widget-text-editor\" data-id=\"393ac36\" data-element_type=\"widget\" data-widget_type=\"text-editor.default\">\n\t\t\t\t\t\t\t\t\t<p>DZI\u0118KUJEMY, OTRZYMALI\u015aMY ZAM\u00d3WIENIE!<\/p>\t\t\t\t\t\t\t\t<\/div>\n\t\t\t\t<div class=\"elementor-element elementor-element-6833ce2 elementor-widget elementor-widget-text-editor\" data-id=\"6833ce2\" data-element_type=\"widget\" data-widget_type=\"text-editor.default\">\n\t\t\t\t\t\t\t\t\t<p>Jeden z naszych doradc\u00f3w skontaktuje si\u0119 z Tob\u0105 w ci\u0105gu 24\/28 godzin, aby udzieli\u0107 Ci dodatkowych informacji i potwierdzi\u0107 zam\u00f3wienie.<\/p>\t\t\t\t\t\t\t\t<\/div>\n\t\t\t\t\t<\/div>\n\t\t<\/div>\n\t\t\t\t\t<\/div>\n\t\t<\/section>\n\t\t\t\t<\/div>","protected":false},"excerpt":{"rendered":"<p>Acquisto DZI\u0118KUJEMY, OTRZYMALI\u015aMY ZAM\u00d3WIENIE! Jeden z naszych doradc\u00f3w skontaktuje si\u0119 z Tob\u0105 w ci\u0105gu 24\/28 godzin, aby udzieli\u0107 Ci dodatkowych informacji i potwierdzi\u0107 zam\u00f3wienie.<\/p>","protected":false},"author":1,"featured_media":0,"parent":0,"menu_order":0,"comment_status":"closed","ping_status":"closed","template":"elementor_canvas","meta":{"footnotes":""},"class_list":["post-36112","page","type-page","status-publish","hentry"],"_hostinger_reach_plugin_has_subscription_block":false,"_hostinger_reach_plugin_is_elementor":false,"_links":{"self":[{"href":"https:\/\/brikoplus.com\/el\/wp-json\/wp\/v2\/pages\/36112","targetHints":{"allow":["GET"]}}],"collection":[{"href":"https:\/\/brikoplus.com\/el\/wp-json\/wp\/v2\/pages"}],"about":[{"href":"https:\/\/brikoplus.com\/el\/wp-json\/wp\/v2\/types\/page"}],"author":[{"embeddable":true,"href":"https:\/\/brikoplus.com\/el\/wp-json\/wp\/v2\/users\/1"}],"replies":[{"embeddable":true,"href":"https:\/\/brikoplus.com\/el\/wp-json\/wp\/v2\/comments?post=36112"}],"version-history":[{"count":4,"href":"https:\/\/brikoplus.com\/el\/wp-json\/wp\/v2\/pages\/36112\/revisions"}],"predecessor-version":[{"id":36116,"href":"https:\/\/brikoplus.com\/el\/wp-json\/wp\/v2\/pages\/36112\/revisions\/36116"}],"wp:attachment":[{"href":"https:\/\/brikoplus.com\/el\/wp-json\/wp\/v2\/media?parent=36112"}],"curies":[{"name":"wp","href":"https:\/\/api.w.org\/{rel}","templated":true}]}}